{"id":8833,"date":"2026-04-06T11:55:14","date_gmt":"2026-04-06T10:55:14","guid":{"rendered":"https:\/\/play4children.com\/?post_type=product&#038;p=8833"},"modified":"2026-04-06T11:59:21","modified_gmt":"2026-04-06T10:59:21","slug":"volley-cup-inscricao-sem-estadia","status":"publish","type":"product","link":"https:\/\/play4children.com\/es\/producto\/volley-cup-inscricao-sem-estadia\/","title":{"rendered":"VOLLEY CUP INSCRI\u00c7\u00c3O SEM ESTADIA"},"content":{"rendered":"<p>Participa\u00e7\u00e3o no\u00a0<strong>VOLLEY CUP 2027<\/strong><br \/>\nAcesso aos transportes do torneio<br \/>\nFesta<br \/>\n5 Almo\u00e7os: dia 23, 24, 25, 26 e 27<br \/>\nConfirma\u00e7\u00e3o at\u00e9 31\/01\/2027 \u2013 Ap\u00f3s essa data o valor ser\u00e1 de 90,00\u20ac elemento.<\/p>","protected":false},"excerpt":{"rendered":"<p>Inclui somente inscri\u00e7\u00e3o.<\/p>","protected":false},"featured_media":7469,"template":"","meta":{"_et_pb_use_builder":"","_et_pb_old_content":"","_et_gb_content_width":""},"product_brand":[],"product_cat":[99],"product_tag":[],"class_list":{"0":"post-8833","1":"product","2":"type-product","3":"status-publish","4":"has-post-thumbnail","6":"product_cat-equipas-volei","8":"first","9":"instock","10":"taxable","11":"shipping-taxable","12":"purchasable","13":"product-type-variable"},"yoast_head":"<!-- This site is optimized with the Yoast SEO plugin v27.4 - https:\/\/yoast.com\/product\/yoast-seo-wordpress\/ -->\n<title>VOLLEY CUP INSCRI\u00c7\u00c3O SEM ESTADIA | Play4Children<\/title>\n<meta name=\"robots\" content=\"index, follow, max-snippet:-1, max-image-preview:large, max-video-preview:-1\" \/>\n<link rel=\"canonical\" href=\"https:\/\/play4children.com\/es\/producto\/volley-cup-inscricao-sem-estadia\/\" \/>\n<meta property=\"og:locale\" content=\"es_ES\" \/>\n<meta property=\"og:type\" content=\"article\" \/>\n<meta property=\"og:title\" content=\"VOLLEY CUP INSCRI\u00c7\u00c3O SEM ESTADIA | Play4Children\" \/>\n<meta property=\"og:description\" content=\"Inclui somente inscri\u00e7\u00e3o.\" \/>\n<meta property=\"og:url\" content=\"https:\/\/play4children.com\/es\/producto\/volley-cup-inscricao-sem-estadia\/\" \/>\n<meta property=\"og:site_name\" content=\"Play4Children\" \/>\n<meta property=\"article:publisher\" content=\"https:\/\/www.facebook.com\/jogapelascriancas\" \/>\n<meta property=\"article:modified_time\" content=\"2026-04-06T10:59:21+00:00\" \/>\n<meta property=\"og:image\" content=\"https:\/\/play4children.com\/wp-content\/uploads\/2025\/12\/EQUIPAS-VOLEI.jpg\" \/>\n\t<meta property=\"og:image:width\" content=\"1080\" \/>\n\t<meta property=\"og:image:height\" content=\"1080\" \/>\n\t<meta property=\"og:image:type\" content=\"image\/jpeg\" \/>\n<meta name=\"twitter:card\" content=\"summary_large_image\" \/>\n<meta name=\"twitter:label1\" content=\"Est. reading time\" \/>\n\t<meta name=\"twitter:data1\" content=\"1 minute\" \/>\n<script type=\"application\/ld+json\" class=\"yoast-schema-graph\">{\"@context\":\"https:\\\/\\\/schema.org\",\"@graph\":[{\"@type\":\"WebPage\",\"@id\":\"https:\\\/\\\/play4children.com\\\/produto\\\/volley-cup-inscricao-sem-estadia\\\/\",\"url\":\"https:\\\/\\\/play4children.com\\\/produto\\\/volley-cup-inscricao-sem-estadia\\\/\",\"name\":\"VOLLEY CUP INSCRI\u00c7\u00c3O SEM ESTADIA | Play4Children\",\"isPartOf\":{\"@id\":\"https:\\\/\\\/play4children.com\\\/#website\"},\"primaryImageOfPage\":{\"@id\":\"https:\\\/\\\/play4children.com\\\/produto\\\/volley-cup-inscricao-sem-estadia\\\/#primaryimage\"},\"image\":{\"@id\":\"https:\\\/\\\/play4children.com\\\/produto\\\/volley-cup-inscricao-sem-estadia\\\/#primaryimage\"},\"thumbnailUrl\":\"https:\\\/\\\/play4children.com\\\/wp-content\\\/uploads\\\/2025\\\/12\\\/EQUIPAS-VOLEI.jpg\",\"datePublished\":\"2026-04-06T10:55:14+00:00\",\"dateModified\":\"2026-04-06T10:59:21+00:00\",\"breadcrumb\":{\"@id\":\"https:\\\/\\\/play4children.com\\\/produto\\\/volley-cup-inscricao-sem-estadia\\\/#breadcrumb\"},\"inLanguage\":\"es-ES\",\"potentialAction\":[{\"@type\":\"ReadAction\",\"target\":[\"https:\\\/\\\/play4children.com\\\/produto\\\/volley-cup-inscricao-sem-estadia\\\/\"]}]},{\"@type\":\"ImageObject\",\"inLanguage\":\"es-ES\",\"@id\":\"https:\\\/\\\/play4children.com\\\/produto\\\/volley-cup-inscricao-sem-estadia\\\/#primaryimage\",\"url\":\"https:\\\/\\\/play4children.com\\\/wp-content\\\/uploads\\\/2025\\\/12\\\/EQUIPAS-VOLEI.jpg\",\"contentUrl\":\"https:\\\/\\\/play4children.com\\\/wp-content\\\/uploads\\\/2025\\\/12\\\/EQUIPAS-VOLEI.jpg\",\"width\":1080,\"height\":1080},{\"@type\":\"BreadcrumbList\",\"@id\":\"https:\\\/\\\/play4children.com\\\/produto\\\/volley-cup-inscricao-sem-estadia\\\/#breadcrumb\",\"itemListElement\":[{\"@type\":\"ListItem\",\"position\":1,\"name\":\"In\u00edcio\",\"item\":\"https:\\\/\\\/play4children.com\\\/\"},{\"@type\":\"ListItem\",\"position\":2,\"name\":\"Loja\",\"item\":\"https:\\\/\\\/play4children.com\\\/loja\\\/\"},{\"@type\":\"ListItem\",\"position\":3,\"name\":\"VOLLEY CUP INSCRI\u00c7\u00c3O SEM ESTADIA\"}]},{\"@type\":\"WebSite\",\"@id\":\"https:\\\/\\\/play4children.com\\\/#website\",\"url\":\"https:\\\/\\\/play4children.com\\\/\",\"name\":\"Joga Pelas Crian\u00e7as a favor da UNICEF\",\"description\":\"O Joga pelas crian\u00e7as ser\u00e1 o maior jogo de futebol solid\u00e1rio de Portugal.\",\"publisher\":{\"@id\":\"https:\\\/\\\/play4children.com\\\/#organization\"},\"potentialAction\":[{\"@type\":\"SearchAction\",\"target\":{\"@type\":\"EntryPoint\",\"urlTemplate\":\"https:\\\/\\\/play4children.com\\\/?s={search_term_string}\"},\"query-input\":{\"@type\":\"PropertyValueSpecification\",\"valueRequired\":true,\"valueName\":\"search_term_string\"}}],\"inLanguage\":\"es-ES\"},{\"@type\":\"Organization\",\"@id\":\"https:\\\/\\\/play4children.com\\\/#organization\",\"name\":\"Joga pelas Crian\u00e7as a favor da UNICEF\",\"url\":\"https:\\\/\\\/play4children.com\\\/\",\"logo\":{\"@type\":\"ImageObject\",\"inLanguage\":\"es-ES\",\"@id\":\"https:\\\/\\\/play4children.com\\\/#\\\/schema\\\/logo\\\/image\\\/\",\"url\":\"https:\\\/\\\/play4children.com\\\/wp-content\\\/uploads\\\/2024\\\/03\\\/logos-play4children_padel.png\",\"contentUrl\":\"https:\\\/\\\/play4children.com\\\/wp-content\\\/uploads\\\/2024\\\/03\\\/logos-play4children_padel.png\",\"width\":600,\"height\":181,\"caption\":\"Joga pelas Crian\u00e7as a favor da UNICEF\"},\"image\":{\"@id\":\"https:\\\/\\\/play4children.com\\\/#\\\/schema\\\/logo\\\/image\\\/\"},\"sameAs\":[\"https:\\\/\\\/www.facebook.com\\\/jogapelascriancas\",\"http:\\\/\\\/instagram.com\\\/jogapelascriancas\",\"https:\\\/\\\/www.youtube.com\\\/channel\\\/UCWcTdjqXxE9-SpXCOzFZzIg\"]}]}<\/script>\n<!-- \/ Yoast SEO plugin. -->","yoast_head_json":{"title":"VOLLEY CUP INSCRI\u00c7\u00c3O SEM ESTADIA | Play4Children","robots":{"index":"index","follow":"follow","max-snippet":"max-snippet:-1","max-image-preview":"max-image-preview:large","max-video-preview":"max-video-preview:-1"},"canonical":"https:\/\/play4children.com\/es\/producto\/volley-cup-inscricao-sem-estadia\/","og_locale":"es_ES","og_type":"article","og_title":"VOLLEY CUP INSCRI\u00c7\u00c3O SEM ESTADIA | Play4Children","og_description":"Inclui somente inscri\u00e7\u00e3o.","og_url":"https:\/\/play4children.com\/es\/producto\/volley-cup-inscricao-sem-estadia\/","og_site_name":"Play4Children","article_publisher":"https:\/\/www.facebook.com\/jogapelascriancas","article_modified_time":"2026-04-06T10:59:21+00:00","og_image":[{"width":1080,"height":1080,"url":"https:\/\/play4children.com\/wp-content\/uploads\/2025\/12\/EQUIPAS-VOLEI.jpg","type":"image\/jpeg"}],"twitter_card":"summary_large_image","twitter_misc":{"Est. reading time":"1 minute"},"schema":{"@context":"https:\/\/schema.org","@graph":[{"@type":"WebPage","@id":"https:\/\/play4children.com\/produto\/volley-cup-inscricao-sem-estadia\/","url":"https:\/\/play4children.com\/produto\/volley-cup-inscricao-sem-estadia\/","name":"VOLLEY CUP INSCRI\u00c7\u00c3O SEM ESTADIA | Play4Children","isPartOf":{"@id":"https:\/\/play4children.com\/#website"},"primaryImageOfPage":{"@id":"https:\/\/play4children.com\/produto\/volley-cup-inscricao-sem-estadia\/#primaryimage"},"image":{"@id":"https:\/\/play4children.com\/produto\/volley-cup-inscricao-sem-estadia\/#primaryimage"},"thumbnailUrl":"https:\/\/play4children.com\/wp-content\/uploads\/2025\/12\/EQUIPAS-VOLEI.jpg","datePublished":"2026-04-06T10:55:14+00:00","dateModified":"2026-04-06T10:59:21+00:00","breadcrumb":{"@id":"https:\/\/play4children.com\/produto\/volley-cup-inscricao-sem-estadia\/#breadcrumb"},"inLanguage":"es-ES","potentialAction":[{"@type":"ReadAction","target":["https:\/\/play4children.com\/produto\/volley-cup-inscricao-sem-estadia\/"]}]},{"@type":"ImageObject","inLanguage":"es-ES","@id":"https:\/\/play4children.com\/produto\/volley-cup-inscricao-sem-estadia\/#primaryimage","url":"https:\/\/play4children.com\/wp-content\/uploads\/2025\/12\/EQUIPAS-VOLEI.jpg","contentUrl":"https:\/\/play4children.com\/wp-content\/uploads\/2025\/12\/EQUIPAS-VOLEI.jpg","width":1080,"height":1080},{"@type":"BreadcrumbList","@id":"https:\/\/play4children.com\/produto\/volley-cup-inscricao-sem-estadia\/#breadcrumb","itemListElement":[{"@type":"ListItem","position":1,"name":"In\u00edcio","item":"https:\/\/play4children.com\/"},{"@type":"ListItem","position":2,"name":"Loja","item":"https:\/\/play4children.com\/loja\/"},{"@type":"ListItem","position":3,"name":"VOLLEY CUP INSCRI\u00c7\u00c3O SEM ESTADIA"}]},{"@type":"WebSite","@id":"https:\/\/play4children.com\/#website","url":"https:\/\/play4children.com\/","name":"Joga Pelas Crian\u00e7as a favor da UNICEF","description":"O Joga pelas crian\u00e7as ser\u00e1 o maior jogo de futebol solid\u00e1rio de Portugal.","publisher":{"@id":"https:\/\/play4children.com\/#organization"},"potentialAction":[{"@type":"SearchAction","target":{"@type":"EntryPoint","urlTemplate":"https:\/\/play4children.com\/?s={search_term_string}"},"query-input":{"@type":"PropertyValueSpecification","valueRequired":true,"valueName":"search_term_string"}}],"inLanguage":"es-ES"},{"@type":"Organization","@id":"https:\/\/play4children.com\/#organization","name":"Joga pelas Crian\u00e7as a favor da UNICEF","url":"https:\/\/play4children.com\/","logo":{"@type":"ImageObject","inLanguage":"es-ES","@id":"https:\/\/play4children.com\/#\/schema\/logo\/image\/","url":"https:\/\/play4children.com\/wp-content\/uploads\/2024\/03\/logos-play4children_padel.png","contentUrl":"https:\/\/play4children.com\/wp-content\/uploads\/2024\/03\/logos-play4children_padel.png","width":600,"height":181,"caption":"Joga pelas Crian\u00e7as a favor da UNICEF"},"image":{"@id":"https:\/\/play4children.com\/#\/schema\/logo\/image\/"},"sameAs":["https:\/\/www.facebook.com\/jogapelascriancas","http:\/\/instagram.com\/jogapelascriancas","https:\/\/www.youtube.com\/channel\/UCWcTdjqXxE9-SpXCOzFZzIg"]}]}},"_links":{"self":[{"href":"https:\/\/play4children.com\/es\/wp-json\/wp\/v2\/product\/8833","targetHints":{"allow":["GET"]}}],"collection":[{"href":"https:\/\/play4children.com\/es\/wp-json\/wp\/v2\/product"}],"about":[{"href":"https:\/\/play4children.com\/es\/wp-json\/wp\/v2\/types\/product"}],"wp:featuredmedia":[{"embeddable":true,"href":"https:\/\/play4children.com\/es\/wp-json\/wp\/v2\/media\/7469"}],"wp:attachment":[{"href":"https:\/\/play4children.com\/es\/wp-json\/wp\/v2\/media?parent=8833"}],"wp:term":[{"taxonomy":"product_brand","embeddable":true,"href":"https:\/\/play4children.com\/es\/wp-json\/wp\/v2\/product_brand?post=8833"},{"taxonomy":"product_cat","embeddable":true,"href":"https:\/\/play4children.com\/es\/wp-json\/wp\/v2\/product_cat?post=8833"},{"taxonomy":"product_tag","embeddable":true,"href":"https:\/\/play4children.com\/es\/wp-json\/wp\/v2\/product_tag?post=8833"}],"curies":[{"name":"wp","href":"https:\/\/api.w.org\/{rel}","templated":true}]}}