{"id":7494,"date":"2025-12-03T11:29:35","date_gmt":"2025-12-03T11:29:35","guid":{"rendered":"https:\/\/play4children.com\/?post_type=product&#038;p=7494"},"modified":"2025-12-03T15:11:53","modified_gmt":"2025-12-03T15:11:53","slug":"bilhete-the-game-of-legends","status":"publish","type":"product","link":"https:\/\/play4children.com\/es\/producto\/bilhete-the-game-of-legends\/","title":{"rendered":"Bilhete The Game Of Legends"},"content":{"rendered":"<p><strong>THE GAME OF LEGENDS CHARITY MATCH<\/strong><\/p>\n<p><strong>18 OUTUBRO 2025<\/strong><br \/>\n<strong>EST\u00c1DIO MUNICIPAL DA COUTADA<\/strong><br \/>\n<strong>ARCOS DE VALDEVEZ<\/strong><\/p>\n<p><strong>BILHETES:<\/strong><\/p>\n<p><strong>Pulseira Branca \u2013 Entrada Livre<\/strong><br \/>\nDos 3 aos 10 anos.<br \/>\nDesde acompanhada por 1 adulto com Pulseira Azul.<\/p>\n<p><strong>Pulseira Azul \u2013 5,00\u20ac<\/strong><br \/>\nA partir dos 11 anos (inclusive).<\/p>\n<p>No se permite la entrada a ni\u00f1os menores de 3 a\u00f1os.<\/p>","protected":false},"excerpt":{"rendered":"<p><strong>Pulseira Branca \u2013 Entrada Livre<\/strong><br \/>\nDos 3 aos 10 anos.<br \/>\nDesde acompanhada por 1 adulto com Pulseira Azul.<\/p>\n<p><strong>Pulseira Azul \u2013 5,00\u20ac<\/strong><br \/>\nA partir dos 11 anos (inclusive).<\/p>\n<p>No se permite la entrada a ni\u00f1os menores de 3 a\u00f1os.<\/p>","protected":false},"featured_media":6955,"template":"","meta":{"_et_pb_use_builder":"","_et_pb_old_content":"","_et_gb_content_width":""},"product_brand":[],"product_cat":[102],"product_tag":[],"class_list":{"0":"post-7494","1":"product","2":"type-product","3":"status-publish","4":"has-post-thumbnail","6":"product_cat-the-game-of-legends","8":"first","9":"instock","10":"taxable","11":"shipping-taxable","12":"purchasable","13":"product-type-simple"},"yoast_head":"<!-- This site is optimized with the Yoast SEO plugin v27.4 - https:\/\/yoast.com\/product\/yoast-seo-wordpress\/ -->\n<title>Bilhete The Game Of Legends | Play4Children<\/title>\n<meta name=\"robots\" content=\"index, follow, max-snippet:-1, max-image-preview:large, max-video-preview:-1\" \/>\n<link rel=\"canonical\" href=\"https:\/\/play4children.com\/es\/producto\/bilhete-the-game-of-legends\/\" \/>\n<meta property=\"og:locale\" content=\"es_ES\" \/>\n<meta property=\"og:type\" content=\"article\" \/>\n<meta property=\"og:title\" content=\"Bilhete The Game Of Legends | Play4Children\" \/>\n<meta property=\"og:description\" content=\"Pulseira Branca \u2013 Entrada Livre Dos 3 aos 10 anos. Desde acompanhada por 1 adulto com Pulseira Azul.  Pulseira Azul \u2013 5,00\u20ac A partir dos 11 anos (inclusive).  Interdita a entrada a menores de 3 anos.\" \/>\n<meta property=\"og:url\" content=\"https:\/\/play4children.com\/es\/producto\/bilhete-the-game-of-legends\/\" \/>\n<meta property=\"og:site_name\" content=\"Play4Children\" \/>\n<meta property=\"article:publisher\" content=\"https:\/\/www.facebook.com\/jogapelascriancas\" \/>\n<meta property=\"article:modified_time\" content=\"2025-12-03T15:11:53+00:00\" \/>\n<meta property=\"og:image\" content=\"https:\/\/play4children.com\/wp-content\/uploads\/2025\/08\/WhatsApp-Image-2025-08-06-at-17.45.44.jpeg\" \/>\n\t<meta property=\"og:image:width\" content=\"1080\" \/>\n\t<meta property=\"og:image:height\" content=\"1080\" \/>\n\t<meta property=\"og:image:type\" content=\"image\/jpeg\" \/>\n<meta name=\"twitter:card\" content=\"summary_large_image\" \/>\n<meta name=\"twitter:label1\" content=\"Est. reading time\" \/>\n\t<meta name=\"twitter:data1\" content=\"1 minute\" \/>\n<script type=\"application\/ld+json\" class=\"yoast-schema-graph\">{\"@context\":\"https:\\\/\\\/schema.org\",\"@graph\":[{\"@type\":\"WebPage\",\"@id\":\"https:\\\/\\\/play4children.com\\\/produto\\\/bilhete-the-game-of-legends\\\/\",\"url\":\"https:\\\/\\\/play4children.com\\\/produto\\\/bilhete-the-game-of-legends\\\/\",\"name\":\"Bilhete The Game Of Legends | Play4Children\",\"isPartOf\":{\"@id\":\"https:\\\/\\\/play4children.com\\\/#website\"},\"primaryImageOfPage\":{\"@id\":\"https:\\\/\\\/play4children.com\\\/produto\\\/bilhete-the-game-of-legends\\\/#primaryimage\"},\"image\":{\"@id\":\"https:\\\/\\\/play4children.com\\\/produto\\\/bilhete-the-game-of-legends\\\/#primaryimage\"},\"thumbnailUrl\":\"https:\\\/\\\/play4children.com\\\/wp-content\\\/uploads\\\/2025\\\/08\\\/WhatsApp-Image-2025-08-06-at-17.45.44.jpeg\",\"datePublished\":\"2025-12-03T11:29:35+00:00\",\"dateModified\":\"2025-12-03T15:11:53+00:00\",\"breadcrumb\":{\"@id\":\"https:\\\/\\\/play4children.com\\\/produto\\\/bilhete-the-game-of-legends\\\/#breadcrumb\"},\"inLanguage\":\"es-ES\",\"potentialAction\":[{\"@type\":\"ReadAction\",\"target\":[\"https:\\\/\\\/play4children.com\\\/produto\\\/bilhete-the-game-of-legends\\\/\"]}]},{\"@type\":\"ImageObject\",\"inLanguage\":\"es-ES\",\"@id\":\"https:\\\/\\\/play4children.com\\\/produto\\\/bilhete-the-game-of-legends\\\/#primaryimage\",\"url\":\"https:\\\/\\\/play4children.com\\\/wp-content\\\/uploads\\\/2025\\\/08\\\/WhatsApp-Image-2025-08-06-at-17.45.44.jpeg\",\"contentUrl\":\"https:\\\/\\\/play4children.com\\\/wp-content\\\/uploads\\\/2025\\\/08\\\/WhatsApp-Image-2025-08-06-at-17.45.44.jpeg\",\"width\":1080,\"height\":1080},{\"@type\":\"BreadcrumbList\",\"@id\":\"https:\\\/\\\/play4children.com\\\/produto\\\/bilhete-the-game-of-legends\\\/#breadcrumb\",\"itemListElement\":[{\"@type\":\"ListItem\",\"position\":1,\"name\":\"In\u00edcio\",\"item\":\"https:\\\/\\\/play4children.com\\\/\"},{\"@type\":\"ListItem\",\"position\":2,\"name\":\"Loja\",\"item\":\"https:\\\/\\\/play4children.com\\\/loja\\\/\"},{\"@type\":\"ListItem\",\"position\":3,\"name\":\"Bilhete The Game Of Legends\"}]},{\"@type\":\"WebSite\",\"@id\":\"https:\\\/\\\/play4children.com\\\/#website\",\"url\":\"https:\\\/\\\/play4children.com\\\/\",\"name\":\"Joga Pelas Crian\u00e7as a favor da UNICEF\",\"description\":\"O Joga pelas crian\u00e7as ser\u00e1 o maior jogo de futebol solid\u00e1rio de Portugal.\",\"publisher\":{\"@id\":\"https:\\\/\\\/play4children.com\\\/#organization\"},\"potentialAction\":[{\"@type\":\"SearchAction\",\"target\":{\"@type\":\"EntryPoint\",\"urlTemplate\":\"https:\\\/\\\/play4children.com\\\/?s={search_term_string}\"},\"query-input\":{\"@type\":\"PropertyValueSpecification\",\"valueRequired\":true,\"valueName\":\"search_term_string\"}}],\"inLanguage\":\"es-ES\"},{\"@type\":\"Organization\",\"@id\":\"https:\\\/\\\/play4children.com\\\/#organization\",\"name\":\"Joga pelas Crian\u00e7as a favor da UNICEF\",\"url\":\"https:\\\/\\\/play4children.com\\\/\",\"logo\":{\"@type\":\"ImageObject\",\"inLanguage\":\"es-ES\",\"@id\":\"https:\\\/\\\/play4children.com\\\/#\\\/schema\\\/logo\\\/image\\\/\",\"url\":\"https:\\\/\\\/play4children.com\\\/wp-content\\\/uploads\\\/2024\\\/03\\\/logos-play4children_padel.png\",\"contentUrl\":\"https:\\\/\\\/play4children.com\\\/wp-content\\\/uploads\\\/2024\\\/03\\\/logos-play4children_padel.png\",\"width\":600,\"height\":181,\"caption\":\"Joga pelas Crian\u00e7as a favor da UNICEF\"},\"image\":{\"@id\":\"https:\\\/\\\/play4children.com\\\/#\\\/schema\\\/logo\\\/image\\\/\"},\"sameAs\":[\"https:\\\/\\\/www.facebook.com\\\/jogapelascriancas\",\"http:\\\/\\\/instagram.com\\\/jogapelascriancas\",\"https:\\\/\\\/www.youtube.com\\\/channel\\\/UCWcTdjqXxE9-SpXCOzFZzIg\"]}]}<\/script>\n<!-- \/ Yoast SEO plugin. -->","yoast_head_json":{"title":"Bilhete The Game Of Legends | Play4Children","robots":{"index":"index","follow":"follow","max-snippet":"max-snippet:-1","max-image-preview":"max-image-preview:large","max-video-preview":"max-video-preview:-1"},"canonical":"https:\/\/play4children.com\/es\/producto\/bilhete-the-game-of-legends\/","og_locale":"es_ES","og_type":"article","og_title":"Bilhete The Game Of Legends | Play4Children","og_description":"Pulseira Branca \u2013 Entrada Livre Dos 3 aos 10 anos. Desde acompanhada por 1 adulto com Pulseira Azul.  Pulseira Azul \u2013 5,00\u20ac A partir dos 11 anos (inclusive).  Interdita a entrada a menores de 3 anos.","og_url":"https:\/\/play4children.com\/es\/producto\/bilhete-the-game-of-legends\/","og_site_name":"Play4Children","article_publisher":"https:\/\/www.facebook.com\/jogapelascriancas","article_modified_time":"2025-12-03T15:11:53+00:00","og_image":[{"width":1080,"height":1080,"url":"https:\/\/play4children.com\/wp-content\/uploads\/2025\/08\/WhatsApp-Image-2025-08-06-at-17.45.44.jpeg","type":"image\/jpeg"}],"twitter_card":"summary_large_image","twitter_misc":{"Est. reading time":"1 minute"},"schema":{"@context":"https:\/\/schema.org","@graph":[{"@type":"WebPage","@id":"https:\/\/play4children.com\/produto\/bilhete-the-game-of-legends\/","url":"https:\/\/play4children.com\/produto\/bilhete-the-game-of-legends\/","name":"Bilhete The Game Of Legends | Play4Children","isPartOf":{"@id":"https:\/\/play4children.com\/#website"},"primaryImageOfPage":{"@id":"https:\/\/play4children.com\/produto\/bilhete-the-game-of-legends\/#primaryimage"},"image":{"@id":"https:\/\/play4children.com\/produto\/bilhete-the-game-of-legends\/#primaryimage"},"thumbnailUrl":"https:\/\/play4children.com\/wp-content\/uploads\/2025\/08\/WhatsApp-Image-2025-08-06-at-17.45.44.jpeg","datePublished":"2025-12-03T11:29:35+00:00","dateModified":"2025-12-03T15:11:53+00:00","breadcrumb":{"@id":"https:\/\/play4children.com\/produto\/bilhete-the-game-of-legends\/#breadcrumb"},"inLanguage":"es-ES","potentialAction":[{"@type":"ReadAction","target":["https:\/\/play4children.com\/produto\/bilhete-the-game-of-legends\/"]}]},{"@type":"ImageObject","inLanguage":"es-ES","@id":"https:\/\/play4children.com\/produto\/bilhete-the-game-of-legends\/#primaryimage","url":"https:\/\/play4children.com\/wp-content\/uploads\/2025\/08\/WhatsApp-Image-2025-08-06-at-17.45.44.jpeg","contentUrl":"https:\/\/play4children.com\/wp-content\/uploads\/2025\/08\/WhatsApp-Image-2025-08-06-at-17.45.44.jpeg","width":1080,"height":1080},{"@type":"BreadcrumbList","@id":"https:\/\/play4children.com\/produto\/bilhete-the-game-of-legends\/#breadcrumb","itemListElement":[{"@type":"ListItem","position":1,"name":"In\u00edcio","item":"https:\/\/play4children.com\/"},{"@type":"ListItem","position":2,"name":"Loja","item":"https:\/\/play4children.com\/loja\/"},{"@type":"ListItem","position":3,"name":"Bilhete The Game Of Legends"}]},{"@type":"WebSite","@id":"https:\/\/play4children.com\/#website","url":"https:\/\/play4children.com\/","name":"Joga Pelas Crian\u00e7as a favor da UNICEF","description":"O Joga pelas crian\u00e7as ser\u00e1 o maior jogo de futebol solid\u00e1rio de Portugal.","publisher":{"@id":"https:\/\/play4children.com\/#organization"},"potentialAction":[{"@type":"SearchAction","target":{"@type":"EntryPoint","urlTemplate":"https:\/\/play4children.com\/?s={search_term_string}"},"query-input":{"@type":"PropertyValueSpecification","valueRequired":true,"valueName":"search_term_string"}}],"inLanguage":"es-ES"},{"@type":"Organization","@id":"https:\/\/play4children.com\/#organization","name":"Joga pelas Crian\u00e7as a favor da UNICEF","url":"https:\/\/play4children.com\/","logo":{"@type":"ImageObject","inLanguage":"es-ES","@id":"https:\/\/play4children.com\/#\/schema\/logo\/image\/","url":"https:\/\/play4children.com\/wp-content\/uploads\/2024\/03\/logos-play4children_padel.png","contentUrl":"https:\/\/play4children.com\/wp-content\/uploads\/2024\/03\/logos-play4children_padel.png","width":600,"height":181,"caption":"Joga pelas Crian\u00e7as a favor da UNICEF"},"image":{"@id":"https:\/\/play4children.com\/#\/schema\/logo\/image\/"},"sameAs":["https:\/\/www.facebook.com\/jogapelascriancas","http:\/\/instagram.com\/jogapelascriancas","https:\/\/www.youtube.com\/channel\/UCWcTdjqXxE9-SpXCOzFZzIg"]}]}},"_links":{"self":[{"href":"https:\/\/play4children.com\/es\/wp-json\/wp\/v2\/product\/7494","targetHints":{"allow":["GET"]}}],"collection":[{"href":"https:\/\/play4children.com\/es\/wp-json\/wp\/v2\/product"}],"about":[{"href":"https:\/\/play4children.com\/es\/wp-json\/wp\/v2\/types\/product"}],"wp:featuredmedia":[{"embeddable":true,"href":"https:\/\/play4children.com\/es\/wp-json\/wp\/v2\/media\/6955"}],"wp:attachment":[{"href":"https:\/\/play4children.com\/es\/wp-json\/wp\/v2\/media?parent=7494"}],"wp:term":[{"taxonomy":"product_brand","embeddable":true,"href":"https:\/\/play4children.com\/es\/wp-json\/wp\/v2\/product_brand?post=7494"},{"taxonomy":"product_cat","embeddable":true,"href":"https:\/\/play4children.com\/es\/wp-json\/wp\/v2\/product_cat?post=7494"},{"taxonomy":"product_tag","embeddable":true,"href":"https:\/\/play4children.com\/es\/wp-json\/wp\/v2\/product_tag?post=7494"}],"curies":[{"name":"wp","href":"https:\/\/api.w.org\/{rel}","templated":true}]}}