{"id":8009,"date":"2026-02-18T14:55:08","date_gmt":"2026-02-18T14:55:08","guid":{"rendered":"https:\/\/play4children.com\/?page_id=8009"},"modified":"2026-04-21T10:19:40","modified_gmt":"2026-04-21T09:19:40","slug":"legends-league-2","status":"publish","type":"page","link":"https:\/\/play4children.com\/es\/legends-league-2\/","title":{"rendered":"Legends League"},"content":{"rendered":"","protected":true},"excerpt":{"rendered":"","protected":true},"author":19,"featured_media":0,"parent":0,"menu_order":0,"comment_status":"closed","ping_status":"closed","template":"","meta":{"_et_pb_use_builder":"on","_et_pb_old_content":"","_et_gb_content_width":"","footnotes":""},"class_list":["post-8009","page","type-page","status-publish","post-password-required","hentry"],"yoast_head":"<!-- This site is optimized with the Yoast SEO plugin v27.4 - https:\/\/yoast.com\/product\/yoast-seo-wordpress\/ -->\n<title>Legends League | Play4Children<\/title>\n<meta name=\"robots\" content=\"index, follow, max-snippet:-1, max-image-preview:large, max-video-preview:-1\" \/>\n<link rel=\"canonical\" href=\"https:\/\/play4children.com\/es\/legends-league-2\/\" \/>\n<meta property=\"og:locale\" content=\"es_ES\" \/>\n<meta property=\"og:type\" content=\"article\" \/>\n<meta property=\"og:title\" content=\"Legends League | Play4Children\" \/>\n<meta property=\"og:description\" content=\"There is no excerpt because this is a protected post.\" \/>\n<meta property=\"og:url\" content=\"https:\/\/play4children.com\/es\/legends-league-2\/\" \/>\n<meta property=\"og:site_name\" content=\"Play4Children\" \/>\n<meta property=\"article:publisher\" content=\"https:\/\/www.facebook.com\/jogapelascriancas\" \/>\n<meta property=\"article:modified_time\" content=\"2026-04-21T09:19:40+00:00\" \/>\n<meta name=\"twitter:card\" content=\"summary_large_image\" \/>\n<meta name=\"twitter:label1\" content=\"Est. reading time\" \/>\n\t<meta name=\"twitter:data1\" content=\"3 minutes\" \/>\n<script type=\"application\/ld+json\" class=\"yoast-schema-graph\">{\"@context\":\"https:\\\/\\\/schema.org\",\"@graph\":[{\"@type\":\"WebPage\",\"@id\":\"https:\\\/\\\/play4children.com\\\/legends-league-2\\\/\",\"url\":\"https:\\\/\\\/play4children.com\\\/legends-league-2\\\/\",\"name\":\"Legends League | Play4Children\",\"isPartOf\":{\"@id\":\"https:\\\/\\\/play4children.com\\\/#website\"},\"datePublished\":\"2026-02-18T14:55:08+00:00\",\"dateModified\":\"2026-04-21T09:19:40+00:00\",\"breadcrumb\":{\"@id\":\"https:\\\/\\\/play4children.com\\\/legends-league-2\\\/#breadcrumb\"},\"inLanguage\":\"es-ES\"},{\"@type\":\"WebSite\",\"@id\":\"https:\\\/\\\/play4children.com\\\/#website\",\"url\":\"https:\\\/\\\/play4children.com\\\/\",\"name\":\"Joga Pelas Crian\u00e7as a favor da UNICEF\",\"description\":\"O Joga pelas crian\u00e7as ser\u00e1 o maior jogo de futebol solid\u00e1rio de Portugal.\",\"publisher\":{\"@id\":\"https:\\\/\\\/play4children.com\\\/#organization\"},\"potentialAction\":[{\"@type\":\"SearchAction\",\"target\":{\"@type\":\"EntryPoint\",\"urlTemplate\":\"https:\\\/\\\/play4children.com\\\/?s={search_term_string}\"},\"query-input\":{\"@type\":\"PropertyValueSpecification\",\"valueRequired\":true,\"valueName\":\"search_term_string\"}}],\"inLanguage\":\"es-ES\"},{\"@type\":\"Organization\",\"@id\":\"https:\\\/\\\/play4children.com\\\/#organization\",\"name\":\"Joga pelas Crian\u00e7as a favor da UNICEF\",\"url\":\"https:\\\/\\\/play4children.com\\\/\",\"logo\":{\"@type\":\"ImageObject\",\"inLanguage\":\"es-ES\",\"@id\":\"https:\\\/\\\/play4children.com\\\/#\\\/schema\\\/logo\\\/image\\\/\",\"url\":\"https:\\\/\\\/play4children.com\\\/wp-content\\\/uploads\\\/2024\\\/03\\\/logos-play4children_padel.png\",\"contentUrl\":\"https:\\\/\\\/play4children.com\\\/wp-content\\\/uploads\\\/2024\\\/03\\\/logos-play4children_padel.png\",\"width\":600,\"height\":181,\"caption\":\"Joga pelas Crian\u00e7as a favor da UNICEF\"},\"image\":{\"@id\":\"https:\\\/\\\/play4children.com\\\/#\\\/schema\\\/logo\\\/image\\\/\"},\"sameAs\":[\"https:\\\/\\\/www.facebook.com\\\/jogapelascriancas\",\"http:\\\/\\\/instagram.com\\\/jogapelascriancas\",\"https:\\\/\\\/www.youtube.com\\\/channel\\\/UCWcTdjqXxE9-SpXCOzFZzIg\"]}]}<\/script>\n<!-- \/ Yoast SEO plugin. -->","yoast_head_json":{"title":"Legends League | Play4Children","robots":{"index":"index","follow":"follow","max-snippet":"max-snippet:-1","max-image-preview":"max-image-preview:large","max-video-preview":"max-video-preview:-1"},"canonical":"https:\/\/play4children.com\/es\/legends-league-2\/","og_locale":"es_ES","og_type":"article","og_title":"Legends League | Play4Children","og_description":"There is no excerpt because this is a protected post.","og_url":"https:\/\/play4children.com\/es\/legends-league-2\/","og_site_name":"Play4Children","article_publisher":"https:\/\/www.facebook.com\/jogapelascriancas","article_modified_time":"2026-04-21T09:19:40+00:00","twitter_card":"summary_large_image","twitter_misc":{"Est. reading time":"3 minutes"},"schema":{"@context":"https:\/\/schema.org","@graph":[{"@type":"WebPage","@id":"https:\/\/play4children.com\/legends-league-2\/","url":"https:\/\/play4children.com\/legends-league-2\/","name":"Legends League | Play4Children","isPartOf":{"@id":"https:\/\/play4children.com\/#website"},"datePublished":"2026-02-18T14:55:08+00:00","dateModified":"2026-04-21T09:19:40+00:00","breadcrumb":{"@id":"https:\/\/play4children.com\/legends-league-2\/#breadcrumb"},"inLanguage":"es-ES"},{"@type":"WebSite","@id":"https:\/\/play4children.com\/#website","url":"https:\/\/play4children.com\/","name":"Joga Pelas Crian\u00e7as a favor da UNICEF","description":"O Joga pelas crian\u00e7as ser\u00e1 o maior jogo de futebol solid\u00e1rio de Portugal.","publisher":{"@id":"https:\/\/play4children.com\/#organization"},"potentialAction":[{"@type":"SearchAction","target":{"@type":"EntryPoint","urlTemplate":"https:\/\/play4children.com\/?s={search_term_string}"},"query-input":{"@type":"PropertyValueSpecification","valueRequired":true,"valueName":"search_term_string"}}],"inLanguage":"es-ES"},{"@type":"Organization","@id":"https:\/\/play4children.com\/#organization","name":"Joga pelas Crian\u00e7as a favor da UNICEF","url":"https:\/\/play4children.com\/","logo":{"@type":"ImageObject","inLanguage":"es-ES","@id":"https:\/\/play4children.com\/#\/schema\/logo\/image\/","url":"https:\/\/play4children.com\/wp-content\/uploads\/2024\/03\/logos-play4children_padel.png","contentUrl":"https:\/\/play4children.com\/wp-content\/uploads\/2024\/03\/logos-play4children_padel.png","width":600,"height":181,"caption":"Joga pelas Crian\u00e7as a favor da UNICEF"},"image":{"@id":"https:\/\/play4children.com\/#\/schema\/logo\/image\/"},"sameAs":["https:\/\/www.facebook.com\/jogapelascriancas","http:\/\/instagram.com\/jogapelascriancas","https:\/\/www.youtube.com\/channel\/UCWcTdjqXxE9-SpXCOzFZzIg"]}]}},"_links":{"self":[{"href":"https:\/\/play4children.com\/es\/wp-json\/wp\/v2\/pages\/8009","targetHints":{"allow":["GET"]}}],"collection":[{"href":"https:\/\/play4children.com\/es\/wp-json\/wp\/v2\/pages"}],"about":[{"href":"https:\/\/play4children.com\/es\/wp-json\/wp\/v2\/types\/page"}],"author":[{"embeddable":true,"href":"https:\/\/play4children.com\/es\/wp-json\/wp\/v2\/users\/19"}],"replies":[{"embeddable":true,"href":"https:\/\/play4children.com\/es\/wp-json\/wp\/v2\/comments?post=8009"}],"version-history":[{"count":54,"href":"https:\/\/play4children.com\/es\/wp-json\/wp\/v2\/pages\/8009\/revisions"}],"predecessor-version":[{"id":8970,"href":"https:\/\/play4children.com\/es\/wp-json\/wp\/v2\/pages\/8009\/revisions\/8970"}],"wp:attachment":[{"href":"https:\/\/play4children.com\/es\/wp-json\/wp\/v2\/media?parent=8009"}],"curies":[{"name":"wp","href":"https:\/\/api.w.org\/{rel}","templated":true}]}}