{"id":6401,"date":"2025-02-12T10:14:00","date_gmt":"2025-02-12T10:14:00","guid":{"rendered":"https:\/\/play4children.com\/?page_id=6401"},"modified":"2025-02-12T10:14:00","modified_gmt":"2025-02-12T10:14:00","slug":"annual-report","status":"publish","type":"page","link":"https:\/\/play4children.com\/es\/annual-report\/","title":{"rendered":"ANNUAL REPORT"},"content":{"rendered":"<p>[et_pb_section fb_built=&#8221;1&#8243; _builder_version=&#8221;4.27.4&#8243; _module_preset=&#8221;default&#8221; background_image=&#8221;https:\/\/play4children.com\/wp-content\/uploads\/2024\/12\/bn_run4children.jpg&#8221; background_enable_mask_style=&#8221;on&#8221; background_mask_style=&#8221;corner-blob&#8221; background_mask_color=&#8221;rgba(1,197,247,0.54)&#8221; global_colors_info=&#8221;{}&#8221;][et_pb_row _builder_version=&#8221;4.27.4&#8243; _module_preset=&#8221;default&#8221; hover_enabled=&#8221;0&#8243; global_colors_info=&#8221;{}&#8221; custom_margin=&#8221;100px||100px||true|false&#8221; sticky_enabled=&#8221;0&#8243;][et_pb_column type=&#8221;4_4&#8243; _builder_version=&#8221;4.27.4&#8243; _module_preset=&#8221;default&#8221; global_colors_info=&#8221;{}&#8221;][et_pb_text _builder_version=&#8221;4.27.4&#8243; _module_preset=&#8221;default&#8221; text_font=&#8221;|800|||||||&#8221; text_text_color=&#8221;#FFFFFF&#8221; text_font_size=&#8221;8rem&#8221; hover_enabled=&#8221;0&#8243; text_font_size_tablet=&#8221;5rem&#8221; text_font_size_phone=&#8221;4rem&#8221; text_font_size_last_edited=&#8221;on|tablet&#8221; global_colors_info=&#8221;{}&#8221; sticky_enabled=&#8221;0&#8243;]<\/p>\n<p>Annual Report<\/p>\n<p>[\/et_pb_text][\/et_pb_column][\/et_pb_row][\/et_pb_section][et_pb_section fb_built=&#8221;1&#8243; _builder_version=&#8221;4.17.4&#8243; _module_preset=&#8221;default&#8221; background_color=&#8221;rgba(0,140,201,0.1)&#8221; background_enable_mask_style=&#8221;on&#8221; background_mask_style=&#8221;triangles&#8221; background_mask_color=&#8221;#FFFFFF&#8221; background_mask_transform=&#8221;flip_horizontal|flip_vertical|rotate_90_degree&#8221; custom_padding=&#8221;||10vh||false|false&#8221; bottom_divider_color=&#8221;#008CC9&#8243; bottom_divider_height=&#8221;209px&#8221; bottom_divider_style_tablet=&#8221;&#8221; bottom_divider_style_phone=&#8221;&#8221; bottom_divider_style_last_edited=&#8221;on|desktop&#8221; collapsed=&#8221;on&#8221; global_colors_info=&#8221;{}&#8221;][et_pb_row custom_padding_last_edited=&#8221;on|phone&#8221; _builder_version=&#8221;4.24.0&#8243; _module_preset=&#8221;default&#8221; max_width=&#8221;100%&#8221; custom_padding=&#8221;0px|||||&#8221; custom_padding_tablet=&#8221;0px|||||&#8221; custom_padding_phone=&#8221;0px||0px||true|&#8221; global_colors_info=&#8221;{}&#8221;][et_pb_column type=&#8221;4_4&#8243; _builder_version=&#8221;4.17.4&#8243; _module_preset=&#8221;default&#8221; global_colors_info=&#8221;{}&#8221;][et_pb_text _builder_version=&#8221;4.27.4&#8243; _module_preset=&#8221;default&#8221; text_font=&#8221;|800||on|||||&#8221; text_text_color=&#8221;#343953&#8243; text_font_size=&#8221;4rem&#8221; header_font=&#8221;|800|||||||&#8221; transform_scale_tablet=&#8221;&#8221; transform_scale_phone=&#8221;&#8221; transform_scale_last_edited=&#8221;on|phone&#8221; transform_translate=&#8221;0px|0%&#8221; transform_translate_tablet=&#8221;360px|-332px&#8221; transform_translate_phone=&#8221;0px|0px&#8221; transform_translate_last_edited=&#8221;on|tablet&#8221; transform_translate_linked=&#8221;off&#8221; transform_rotate_tablet=&#8221;&#8221; transform_rotate_phone=&#8221;&#8221; transform_rotate_last_edited=&#8221;on|phone&#8221; transform_skew_tablet=&#8221;&#8221; transform_skew_phone=&#8221;&#8221; transform_skew_last_edited=&#8221;on|phone&#8221; transform_origin_tablet=&#8221;&#8221; transform_origin_phone=&#8221;&#8221; transform_origin_last_edited=&#8221;on|phone&#8221; transform_styles_last_edited=&#8221;on|tablet&#8221; module_alignment=&#8221;left&#8221; custom_margin=&#8221;||6vh||false|false&#8221; custom_margin_tablet=&#8221;||6vh||false|false&#8221; custom_margin_phone=&#8221;||6vh||false|false&#8221; custom_margin_last_edited=&#8221;on|phone&#8221; animation_style=&#8221;slide&#8221; animation_direction=&#8221;left&#8221; scroll_horizontal_motion=&#8221;0|50|50|100|4|0|1&#8243; hover_enabled=&#8221;0&#8243; text_font_size_tablet=&#8221;1.2rem&#8221; text_font_size_phone=&#8221;1rem&#8221; text_font_size_last_edited=&#8221;on|phone&#8221; transform_styles_tablet=&#8221;&#8221; transform_styles_phone=&#8221;&#8221; text_orientation_tablet=&#8221;center&#8221; text_orientation_phone=&#8221;&#8221; text_orientation_last_edited=&#8221;on|tablet&#8221; global_colors_info=&#8221;{}&#8221; sticky_enabled=&#8221;0&#8243;]<\/p>\n<p class=\"p1\">Total Impact since 2021<\/p>\n<p>[\/et_pb_text][et_pb_text _builder_version=&#8221;4.27.4&#8243; _module_preset=&#8221;default&#8221; text_text_color=&#8221;#343953&#8243; text_font_size=&#8221;1.2rem&#8221; transform_scale_tablet=&#8221;&#8221; transform_scale_phone=&#8221;&#8221; transform_scale_last_edited=&#8221;on|phone&#8221; transform_translate=&#8221;0px|0%&#8221; transform_translate_tablet=&#8221;360px|-332px&#8221; transform_translate_phone=&#8221;0px|0px&#8221; transform_translate_last_edited=&#8221;on|tablet&#8221; transform_translate_linked=&#8221;off&#8221; transform_rotate_tablet=&#8221;&#8221; transform_rotate_phone=&#8221;&#8221; transform_rotate_last_edited=&#8221;on|phone&#8221; transform_skew_tablet=&#8221;&#8221; transform_skew_phone=&#8221;&#8221; transform_skew_last_edited=&#8221;on|phone&#8221; transform_origin_tablet=&#8221;&#8221; transform_origin_phone=&#8221;&#8221; transform_origin_last_edited=&#8221;on|phone&#8221; transform_styles_last_edited=&#8221;on|tablet&#8221; module_alignment=&#8221;left&#8221; custom_margin=&#8221;||6vh||false|false&#8221; custom_margin_tablet=&#8221;||6vh||false|false&#8221; custom_margin_phone=&#8221;||6vh||false|false&#8221; custom_margin_last_edited=&#8221;on|phone&#8221; animation_style=&#8221;slide&#8221; animation_direction=&#8221;left&#8221; scroll_horizontal_motion=&#8221;0|50|50|100|4|0|1&#8243; hover_enabled=&#8221;0&#8243; text_font_size_tablet=&#8221;1.2rem&#8221; text_font_size_phone=&#8221;1rem&#8221; text_font_size_last_edited=&#8221;on|phone&#8221; transform_styles_tablet=&#8221;&#8221; transform_styles_phone=&#8221;&#8221; text_orientation_tablet=&#8221;center&#8221; text_orientation_phone=&#8221;&#8221; text_orientation_last_edited=&#8221;on|tablet&#8221; global_colors_info=&#8221;{}&#8221; sticky_enabled=&#8221;0&#8243;]<\/p>\n<p>Over \u20ac125,000 raised in monetary aid and essential goods.<\/p>\n<p>[\/et_pb_text][et_pb_text admin_label=&#8221;passos inicios&#8221; _builder_version=&#8221;4.27.4&#8243; _module_preset=&#8221;default&#8221; text_font=&#8221;Raleway|900|||||||&#8221; text_text_color=&#8221;#343953&#8243; text_font_size=&#8221;1.9rem&#8221; text_line_height=&#8221;1.2em&#8221; transform_scale_tablet=&#8221;&#8221; transform_scale_phone=&#8221;&#8221; transform_scale_last_edited=&#8221;on|tablet&#8221; transform_translate_tablet=&#8221;350px|-334px&#8221; transform_translate_phone=&#8221;0px|-16px&#8221; transform_translate_last_edited=&#8221;on|tablet&#8221; transform_translate_linked_phone=&#8221;off&#8221; transform_rotate_tablet=&#8221;&#8221; transform_rotate_phone=&#8221;&#8221; transform_rotate_last_edited=&#8221;on|tablet&#8221; transform_skew_tablet=&#8221;&#8221; transform_skew_phone=&#8221;&#8221; transform_skew_last_edited=&#8221;on|tablet&#8221; transform_origin_tablet=&#8221;&#8221; transform_origin_phone=&#8221;&#8221; transform_origin_last_edited=&#8221;on|tablet&#8221; transform_styles_last_edited=&#8221;on|tablet&#8221; width=&#8221;75%&#8221; module_alignment=&#8221;left&#8221; custom_margin=&#8221;||11px|||&#8221; animation_style=&#8221;slide&#8221; animation_direction=&#8221;left&#8221; hover_enabled=&#8221;0&#8243; text_font_size_tablet=&#8221;&#8221; text_font_size_phone=&#8221;2rem&#8221; text_font_size_last_edited=&#8221;on|phone&#8221; transform_styles_tablet=&#8221;&#8221; transform_styles_phone=&#8221;&#8221; text_orientation_tablet=&#8221;center&#8221; text_orientation_phone=&#8221;&#8221; text_orientation_last_edited=&#8221;on|tablet&#8221; global_colors_info=&#8221;{}&#8221; sticky_enabled=&#8221;0&#8243;]<\/p>\n<p>Fundraising Growth Over the Years:<\/p>\n<p>[\/et_pb_text][et_pb_text ol_item_indent=&#8221;25px&#8221; _builder_version=&#8221;4.27.4&#8243; _module_preset=&#8221;default&#8221; text_text_color=&#8221;#343953&#8243; text_font_size=&#8221;1rem&#8221; ol_font=&#8221;Raleway||||||||&#8221; ol_text_color=&#8221;#343953&#8243; ol_font_size=&#8221;1.3rem&#8221; ol_line_height=&#8221;1.9em&#8221; transform_translate_tablet=&#8221;360px|-332px&#8221; transform_translate_phone=&#8221;137px|-365px&#8221; transform_translate_last_edited=&#8221;on|tablet&#8221; max_width_tablet=&#8221;&#8221; max_width_phone=&#8221;&#8221; max_width_last_edited=&#8221;on|phone&#8221; module_alignment=&#8221;center&#8221; custom_margin=&#8221;||2vh||false|false&#8221; custom_padding=&#8221;0px|||||&#8221; animation_style=&#8221;slide&#8221; animation_direction=&#8221;left&#8221; scroll_horizontal_motion=&#8221;0|50|50|100|4|0|1&#8243; hover_enabled=&#8221;0&#8243; text_orientation_tablet=&#8221;center&#8221; text_orientation_phone=&#8221;&#8221; text_orientation_last_edited=&#8221;on|tablet&#8221; global_colors_info=&#8221;{}&#8221; sticky_enabled=&#8221;0&#8243;]<\/p>\n<p>\u2022 2021: \u20ac10,000<br \/>\u2022 2022: \u20ac25,028.50<br \/>\u2022 2023: \u20ac33,373.32<br \/>\u2022 2024: \u20ac51,598.18<\/p>\n<p>[\/et_pb_text][et_pb_text admin_label=&#8221;passos inicios&#8221; _builder_version=&#8221;4.27.4&#8243; _module_preset=&#8221;default&#8221; text_font=&#8221;Raleway|900|||||||&#8221; text_text_color=&#8221;#343953&#8243; text_font_size=&#8221;1.9rem&#8221; text_line_height=&#8221;1.2em&#8221; transform_scale_tablet=&#8221;&#8221; transform_scale_phone=&#8221;&#8221; transform_scale_last_edited=&#8221;on|tablet&#8221; transform_translate_tablet=&#8221;350px|-334px&#8221; transform_translate_phone=&#8221;0px|-16px&#8221; transform_translate_last_edited=&#8221;on|tablet&#8221; transform_translate_linked_phone=&#8221;off&#8221; transform_rotate_tablet=&#8221;&#8221; transform_rotate_phone=&#8221;&#8221; transform_rotate_last_edited=&#8221;on|tablet&#8221; transform_skew_tablet=&#8221;&#8221; transform_skew_phone=&#8221;&#8221; transform_skew_last_edited=&#8221;on|tablet&#8221; transform_origin_tablet=&#8221;&#8221; transform_origin_phone=&#8221;&#8221; transform_origin_last_edited=&#8221;on|tablet&#8221; transform_styles_last_edited=&#8221;on|tablet&#8221; width=&#8221;75%&#8221; module_alignment=&#8221;left&#8221; custom_margin=&#8221;||11px|||&#8221; animation_style=&#8221;slide&#8221; animation_direction=&#8221;left&#8221; hover_enabled=&#8221;0&#8243; text_font_size_tablet=&#8221;&#8221; text_font_size_phone=&#8221;2rem&#8221; text_font_size_last_edited=&#8221;on|phone&#8221; transform_styles_tablet=&#8221;&#8221; transform_styles_phone=&#8221;&#8221; text_orientation_tablet=&#8221;center&#8221; text_orientation_phone=&#8221;&#8221; text_orientation_last_edited=&#8221;on|tablet&#8221; global_colors_info=&#8221;{}&#8221; sticky_enabled=&#8221;0&#8243;]<\/p>\n<p>Top Fundraising Events:<\/p>\n<p>[\/et_pb_text][et_pb_text ol_item_indent=&#8221;25px&#8221; _builder_version=&#8221;4.27.4&#8243; _module_preset=&#8221;default&#8221; text_text_color=&#8221;#343953&#8243; text_font_size=&#8221;1rem&#8221; ol_font=&#8221;Raleway||||||||&#8221; ol_text_color=&#8221;#343953&#8243; ol_font_size=&#8221;1.3rem&#8221; ol_line_height=&#8221;1.9em&#8221; transform_translate_tablet=&#8221;360px|-332px&#8221; transform_translate_phone=&#8221;137px|-365px&#8221; transform_translate_last_edited=&#8221;on|tablet&#8221; max_width_tablet=&#8221;&#8221; max_width_phone=&#8221;&#8221; max_width_last_edited=&#8221;on|phone&#8221; module_alignment=&#8221;center&#8221; custom_margin=&#8221;||2vh||false|false&#8221; custom_padding=&#8221;0px|||||&#8221; animation_style=&#8221;slide&#8221; animation_direction=&#8221;left&#8221; scroll_horizontal_motion=&#8221;0|50|50|100|4|0|1&#8243; hover_enabled=&#8221;0&#8243; text_orientation_tablet=&#8221;center&#8221; text_orientation_phone=&#8221;&#8221; text_orientation_last_edited=&#8221;on|tablet&#8221; global_colors_info=&#8221;{}&#8221; sticky_enabled=&#8221;0&#8243;]<\/p>\n<p>\u2022 The Game of Legends: \u20ac96,709.32<br \/>\u2022 Tour Escolas: \u20ac17,290.68<br \/>\u2022 Padel Cup: \u20ac4,000<br \/>\u2022 Boat Trip: \u20ac2,000<\/p>\n<p>[\/et_pb_text][\/et_pb_column][\/et_pb_row][et_pb_row _builder_version=&#8221;4.27.4&#8243; _module_preset=&#8221;default&#8221; column_structure=&#8221;1_2,1_2&#8243; max_width=&#8221;100%&#8221; custom_padding=&#8221;0px|||||&#8221; custom_padding_tablet=&#8221;0px|||||&#8221; custom_padding_phone=&#8221;0px||0px||true|&#8221; custom_padding_last_edited=&#8221;on|phone&#8221;][et_pb_column _builder_version=&#8221;4.27.4&#8243; _module_preset=&#8221;default&#8221; type=&#8221;1_2&#8243;][et_pb_text _builder_version=&#8221;4.27.4&#8243; _module_preset=&#8221;default&#8221; sticky_enabled=&#8221;0&#8243; ol_item_indent=&#8221;25px&#8221; text_text_color=&#8221;#343953&#8243; text_font_size=&#8221;1rem&#8221; ol_font=&#8221;Raleway||||||||&#8221; ol_text_color=&#8221;#343953&#8243; ol_font_size=&#8221;1.3rem&#8221; ol_line_height=&#8221;1.9em&#8221; module_alignment=&#8221;center&#8221; custom_margin=&#8221;||2vh||false|false&#8221; custom_padding=&#8221;0px|||||&#8221; animation_style=&#8221;slide&#8221; animation_direction=&#8221;left&#8221; text_orientation_tablet=&#8221;center&#8221; text_orientation_last_edited=&#8221;on|tablet&#8221; max_width_last_edited=&#8221;on|phone&#8221; text_orientation_phone=&#8221;center&#8221;]<\/p>\n<p>\u2022 Reached and supported hundreds of<br \/>children across Portugal.<br \/>\u2022 Strengthened partnerships with key<br \/>sponsors and media outlets to amplify our<br \/>mission.<\/p>\n<p>[\/et_pb_text][et_pb_button button_url=&#8221;https:\/\/play4children.com\/wp-content\/uploads\/2025\/02\/Play4Children-Report-FFTG-2.pdf&#8221; button_text=&#8221;2024 Annual Report&#8221; button_alignment=&#8221;left&#8221; _builder_version=&#8221;4.27.4&#8243; _module_preset=&#8221;default&#8221; custom_button=&#8221;on&#8221; button_bg_color=&#8221;#008CC9&#8243; hover_enabled=&#8221;0&#8243; global_colors_info=&#8221;{}&#8221; sticky_enabled=&#8221;0&#8243;][\/et_pb_button][\/et_pb_column][et_pb_column _builder_version=&#8221;4.27.4&#8243; _module_preset=&#8221;default&#8221; type=&#8221;1_2&#8243;][et_pb_image src=&#8221;https:\/\/play4children.com\/wp-content\/uploads\/2025\/02\/play4children-graphic-2021_2024.jpg&#8221; _builder_version=&#8221;4.27.4&#8243; _module_preset=&#8221;default&#8221; hover_enabled=&#8221;0&#8243; sticky_enabled=&#8221;0&#8243;][\/et_pb_image][\/et_pb_column][\/et_pb_row][\/et_pb_section]<\/p>\n","protected":false},"excerpt":{"rendered":"<p>Annual ReportTotal Impact since 2021Over \u20ac125,000 raised in monetary aid and essential goods.Fundraising Growth Over the Years:\u2022 2021: \u20ac10,000\u2022 2022: \u20ac25,028.50\u2022 2023: \u20ac33,373.32\u2022 2024: \u20ac51,598.18Top Fundraising Events:\u2022 The Game of Legends: \u20ac96,709.32\u2022 Tour Escolas: \u20ac17,290.68\u2022 Padel Cup: \u20ac4,000\u2022 Boat Trip: \u20ac2,000\u2022 Reached and supported hundreds ofchildren across Portugal.\u2022 Strengthened partnerships with keysponsors and media outlets [&hellip;]<\/p>\n","protected":false},"author":19,"featured_media":0,"parent":0,"menu_order":0,"comment_status":"closed","ping_status":"closed","template":"","meta":{"_et_pb_use_builder":"on","_et_pb_old_content":"","_et_gb_content_width":"","footnotes":""},"class_list":["post-6401","page","type-page","status-publish","hentry"],"yoast_head":"<!-- This site is optimized with the Yoast SEO plugin v27.4 - https:\/\/yoast.com\/product\/yoast-seo-wordpress\/ -->\n<title>ANNUAL REPORT | Play4Children<\/title>\n<meta name=\"robots\" content=\"index, follow, max-snippet:-1, max-image-preview:large, max-video-preview:-1\" \/>\n<link rel=\"canonical\" href=\"https:\/\/play4children.com\/es\/annual-report\/\" \/>\n<meta property=\"og:locale\" content=\"es_ES\" \/>\n<meta property=\"og:type\" content=\"article\" \/>\n<meta property=\"og:title\" content=\"ANNUAL REPORT | Play4Children\" \/>\n<meta property=\"og:description\" content=\"Annual ReportTotal Impact since 2021Over \u20ac125,000 raised in monetary aid and essential goods.Fundraising Growth Over the Years:\u2022 2021: \u20ac10,000\u2022 2022: \u20ac25,028.50\u2022 2023: \u20ac33,373.32\u2022 2024: \u20ac51,598.18Top Fundraising Events:\u2022 The Game of Legends: \u20ac96,709.32\u2022 Tour Escolas: \u20ac17,290.68\u2022 Padel Cup: \u20ac4,000\u2022 Boat Trip: \u20ac2,000\u2022 Reached and supported hundreds ofchildren across Portugal.\u2022 Strengthened partnerships with keysponsors and media outlets [&hellip;]\" \/>\n<meta property=\"og:url\" content=\"https:\/\/play4children.com\/es\/annual-report\/\" \/>\n<meta property=\"og:site_name\" content=\"Play4Children\" \/>\n<meta property=\"article:publisher\" content=\"https:\/\/www.facebook.com\/jogapelascriancas\" \/>\n<meta name=\"twitter:card\" content=\"summary_large_image\" \/>\n<meta name=\"twitter:label1\" content=\"Est. reading time\" \/>\n\t<meta name=\"twitter:data1\" content=\"1 minute\" \/>\n<script type=\"application\/ld+json\" class=\"yoast-schema-graph\">{\"@context\":\"https:\\\/\\\/schema.org\",\"@graph\":[{\"@type\":\"WebPage\",\"@id\":\"https:\\\/\\\/play4children.com\\\/annual-report\\\/\",\"url\":\"https:\\\/\\\/play4children.com\\\/annual-report\\\/\",\"name\":\"ANNUAL REPORT | Play4Children\",\"isPartOf\":{\"@id\":\"https:\\\/\\\/play4children.com\\\/#website\"},\"datePublished\":\"2025-02-12T10:14:00+00:00\",\"breadcrumb\":{\"@id\":\"https:\\\/\\\/play4children.com\\\/annual-report\\\/#breadcrumb\"},\"inLanguage\":\"es-ES\",\"potentialAction\":[{\"@type\":\"ReadAction\",\"target\":[\"https:\\\/\\\/play4children.com\\\/annual-report\\\/\"]}]},{\"@type\":\"BreadcrumbList\",\"@id\":\"https:\\\/\\\/play4children.com\\\/annual-report\\\/#breadcrumb\",\"itemListElement\":[{\"@type\":\"ListItem\",\"position\":1,\"name\":\"In\u00edcio\",\"item\":\"https:\\\/\\\/play4children.com\\\/\"},{\"@type\":\"ListItem\",\"position\":2,\"name\":\"ANNUAL REPORT\"}]},{\"@type\":\"WebSite\",\"@id\":\"https:\\\/\\\/play4children.com\\\/#website\",\"url\":\"https:\\\/\\\/play4children.com\\\/\",\"name\":\"Joga Pelas Crian\u00e7as a favor da UNICEF\",\"description\":\"O Joga pelas crian\u00e7as ser\u00e1 o maior jogo de futebol solid\u00e1rio de Portugal.\",\"publisher\":{\"@id\":\"https:\\\/\\\/play4children.com\\\/#organization\"},\"potentialAction\":[{\"@type\":\"SearchAction\",\"target\":{\"@type\":\"EntryPoint\",\"urlTemplate\":\"https:\\\/\\\/play4children.com\\\/?s={search_term_string}\"},\"query-input\":{\"@type\":\"PropertyValueSpecification\",\"valueRequired\":true,\"valueName\":\"search_term_string\"}}],\"inLanguage\":\"es-ES\"},{\"@type\":\"Organization\",\"@id\":\"https:\\\/\\\/play4children.com\\\/#organization\",\"name\":\"Joga pelas Crian\u00e7as a favor da UNICEF\",\"url\":\"https:\\\/\\\/play4children.com\\\/\",\"logo\":{\"@type\":\"ImageObject\",\"inLanguage\":\"es-ES\",\"@id\":\"https:\\\/\\\/play4children.com\\\/#\\\/schema\\\/logo\\\/image\\\/\",\"url\":\"https:\\\/\\\/play4children.com\\\/wp-content\\\/uploads\\\/2024\\\/03\\\/logos-play4children_padel.png\",\"contentUrl\":\"https:\\\/\\\/play4children.com\\\/wp-content\\\/uploads\\\/2024\\\/03\\\/logos-play4children_padel.png\",\"width\":600,\"height\":181,\"caption\":\"Joga pelas Crian\u00e7as a favor da UNICEF\"},\"image\":{\"@id\":\"https:\\\/\\\/play4children.com\\\/#\\\/schema\\\/logo\\\/image\\\/\"},\"sameAs\":[\"https:\\\/\\\/www.facebook.com\\\/jogapelascriancas\",\"http:\\\/\\\/instagram.com\\\/jogapelascriancas\",\"https:\\\/\\\/www.youtube.com\\\/channel\\\/UCWcTdjqXxE9-SpXCOzFZzIg\"]}]}<\/script>\n<!-- \/ Yoast SEO plugin. -->","yoast_head_json":{"title":"ANNUAL REPORT | Play4Children","robots":{"index":"index","follow":"follow","max-snippet":"max-snippet:-1","max-image-preview":"max-image-preview:large","max-video-preview":"max-video-preview:-1"},"canonical":"https:\/\/play4children.com\/es\/annual-report\/","og_locale":"es_ES","og_type":"article","og_title":"ANNUAL REPORT | Play4Children","og_description":"Annual ReportTotal Impact since 2021Over \u20ac125,000 raised in monetary aid and essential goods.Fundraising Growth Over the Years:\u2022 2021: \u20ac10,000\u2022 2022: \u20ac25,028.50\u2022 2023: \u20ac33,373.32\u2022 2024: \u20ac51,598.18Top Fundraising Events:\u2022 The Game of Legends: \u20ac96,709.32\u2022 Tour Escolas: \u20ac17,290.68\u2022 Padel Cup: \u20ac4,000\u2022 Boat Trip: \u20ac2,000\u2022 Reached and supported hundreds ofchildren across Portugal.\u2022 Strengthened partnerships with keysponsors and media outlets [&hellip;]","og_url":"https:\/\/play4children.com\/es\/annual-report\/","og_site_name":"Play4Children","article_publisher":"https:\/\/www.facebook.com\/jogapelascriancas","twitter_card":"summary_large_image","twitter_misc":{"Est. reading time":"1 minute"},"schema":{"@context":"https:\/\/schema.org","@graph":[{"@type":"WebPage","@id":"https:\/\/play4children.com\/annual-report\/","url":"https:\/\/play4children.com\/annual-report\/","name":"ANNUAL REPORT | Play4Children","isPartOf":{"@id":"https:\/\/play4children.com\/#website"},"datePublished":"2025-02-12T10:14:00+00:00","breadcrumb":{"@id":"https:\/\/play4children.com\/annual-report\/#breadcrumb"},"inLanguage":"es-ES","potentialAction":[{"@type":"ReadAction","target":["https:\/\/play4children.com\/annual-report\/"]}]},{"@type":"BreadcrumbList","@id":"https:\/\/play4children.com\/annual-report\/#breadcrumb","itemListElement":[{"@type":"ListItem","position":1,"name":"In\u00edcio","item":"https:\/\/play4children.com\/"},{"@type":"ListItem","position":2,"name":"ANNUAL REPORT"}]},{"@type":"WebSite","@id":"https:\/\/play4children.com\/#website","url":"https:\/\/play4children.com\/","name":"Joga Pelas Crian\u00e7as a favor da UNICEF","description":"O Joga pelas crian\u00e7as ser\u00e1 o maior jogo de futebol solid\u00e1rio de Portugal.","publisher":{"@id":"https:\/\/play4children.com\/#organization"},"potentialAction":[{"@type":"SearchAction","target":{"@type":"EntryPoint","urlTemplate":"https:\/\/play4children.com\/?s={search_term_string}"},"query-input":{"@type":"PropertyValueSpecification","valueRequired":true,"valueName":"search_term_string"}}],"inLanguage":"es-ES"},{"@type":"Organization","@id":"https:\/\/play4children.com\/#organization","name":"Joga pelas Crian\u00e7as a favor da UNICEF","url":"https:\/\/play4children.com\/","logo":{"@type":"ImageObject","inLanguage":"es-ES","@id":"https:\/\/play4children.com\/#\/schema\/logo\/image\/","url":"https:\/\/play4children.com\/wp-content\/uploads\/2024\/03\/logos-play4children_padel.png","contentUrl":"https:\/\/play4children.com\/wp-content\/uploads\/2024\/03\/logos-play4children_padel.png","width":600,"height":181,"caption":"Joga pelas Crian\u00e7as a favor da UNICEF"},"image":{"@id":"https:\/\/play4children.com\/#\/schema\/logo\/image\/"},"sameAs":["https:\/\/www.facebook.com\/jogapelascriancas","http:\/\/instagram.com\/jogapelascriancas","https:\/\/www.youtube.com\/channel\/UCWcTdjqXxE9-SpXCOzFZzIg"]}]}},"_links":{"self":[{"href":"https:\/\/play4children.com\/es\/wp-json\/wp\/v2\/pages\/6401","targetHints":{"allow":["GET"]}}],"collection":[{"href":"https:\/\/play4children.com\/es\/wp-json\/wp\/v2\/pages"}],"about":[{"href":"https:\/\/play4children.com\/es\/wp-json\/wp\/v2\/types\/page"}],"author":[{"embeddable":true,"href":"https:\/\/play4children.com\/es\/wp-json\/wp\/v2\/users\/19"}],"replies":[{"embeddable":true,"href":"https:\/\/play4children.com\/es\/wp-json\/wp\/v2\/comments?post=6401"}],"version-history":[{"count":0,"href":"https:\/\/play4children.com\/es\/wp-json\/wp\/v2\/pages\/6401\/revisions"}],"wp:attachment":[{"href":"https:\/\/play4children.com\/es\/wp-json\/wp\/v2\/media?parent=6401"}],"curies":[{"name":"wp","href":"https:\/\/api.w.org\/{rel}","templated":true}]}}