{"id":1455,"date":"2021-06-05T13:43:32","date_gmt":"2021-06-05T13:43:32","guid":{"rendered":"https:\/\/play4children.com\/?page_id=1455"},"modified":"2021-09-05T10:54:21","modified_gmt":"2021-09-05T10:54:21","slug":"bilhete-solidario","status":"publish","type":"page","link":"https:\/\/play4children.com\/es\/bilhete-solidario\/","title":{"rendered":"Entrada Solidaria"},"content":{"rendered":"<style type=\"text\/css\">\n\t\t\t#gallery-1 {\n\t\t\t\tmargin: auto;\n\t\t\t}\n\t\t\t#gallery-1 .gallery-item {\n\t\t\t\tfloat: left;\n\t\t\t\tmargin-top: 10px;\n\t\t\t\ttext-align: center;\n\t\t\t\twidth: 50%;\n\t\t\t}\n\t\t\t#gallery-1 img {\n\t\t\t\tborder: 2px solid #cfcfcf;\n\t\t\t}\n\t\t\t#gallery-1 .gallery-caption {\n\t\t\t\tmargin-left: 0;\n\t\t\t}\n\t\t\t\/* see gallery_shortcode() in wp-includes\/media.php *\/\n\t\t<\/style>\n\t\t<div id='gallery-1' class='gallery galleryid-1455 gallery-columns-2 gallery-size-large'><dl class='gallery-item'>\n\t\t\t<dt class='gallery-icon portrait'>\n\t\t\t\t<a href='https:\/\/play4children.com\/wp-content\/uploads\/2021\/06\/estadio_small.jpg'><img loading=\"lazy\" decoding=\"async\" width=\"724\" height=\"1024\" src=\"https:\/\/play4children.com\/wp-content\/uploads\/2021\/06\/estadio_small-724x1024.jpg\" class=\"attachment-large size-large\" alt=\"\" aria-describedby=\"gallery-1-1613\" \/><\/a>\n\t\t\t<\/dt>\n\t\t\t\t<dd class='wp-caption-text gallery-caption' id='gallery-1-1613'>\n\t\t\t\tEst\u00e1dio\n\t\t\t\t<\/dd><\/dl><dl class='gallery-item'>\n\t\t\t<dt class='gallery-icon landscape'>\n\t\t\t\t<a href='https:\/\/play4children.com\/wp-content\/uploads\/2021\/06\/bilhete-solidario-frente-5-set_small.jpg'><img loading=\"lazy\" decoding=\"async\" width=\"1000\" height=\"700\" src=\"https:\/\/play4children.com\/wp-content\/uploads\/2021\/06\/bilhete-solidario-frente-5-set_small.jpg\" class=\"attachment-large size-large\" alt=\"\" aria-describedby=\"gallery-1-2136\" srcset=\"https:\/\/play4children.com\/wp-content\/uploads\/2021\/06\/bilhete-solidario-frente-5-set_small.jpg 1000w, https:\/\/play4children.com\/wp-content\/uploads\/2021\/06\/bilhete-solidario-frente-5-set_small-980x686.jpg 980w, https:\/\/play4children.com\/wp-content\/uploads\/2021\/06\/bilhete-solidario-frente-5-set_small-480x336.jpg 480w\" sizes=\"(min-width: 0px) and (max-width: 480px) 480px, (min-width: 481px) and (max-width: 980px) 980px, (min-width: 981px) 1000px, 100vw\" \/><\/a>\n\t\t\t<\/dt>\n\t\t\t\t<dd class='wp-caption-text gallery-caption' id='gallery-1-2136'>\n\t\t\t\tBilhetes Solid\u00e1rio JPC 2021 Presencial\n\t\t\t\t<\/dd><\/dl><br style=\"clear: both\" \/>\n\t\t<\/div>","protected":false},"excerpt":{"rendered":"","protected":false},"author":1,"featured_media":2133,"parent":0,"menu_order":0,"comment_status":"closed","ping_status":"closed","template":"","meta":{"_et_pb_use_builder":"off","_et_pb_old_content":"","_et_gb_content_width":"1080","footnotes":""},"class_list":["post-1455","page","type-page","status-publish","has-post-thumbnail","hentry"],"yoast_head":"<!-- This site is optimized with the Yoast SEO plugin v27.5 - https:\/\/yoast.com\/product\/yoast-seo-wordpress\/ -->\n<title>Bilhete Solid\u00e1rio | Play4Children<\/title>\n<meta name=\"robots\" content=\"index, follow, max-snippet:-1, max-image-preview:large, max-video-preview:-1\" \/>\n<link rel=\"canonical\" href=\"https:\/\/play4children.com\/es\/bilhete-solidario\/\" \/>\n<meta property=\"og:locale\" content=\"es_ES\" \/>\n<meta property=\"og:type\" content=\"article\" \/>\n<meta property=\"og:title\" content=\"Bilhete Solid\u00e1rio | Play4Children\" \/>\n<meta property=\"og:url\" content=\"https:\/\/play4children.com\/es\/bilhete-solidario\/\" \/>\n<meta property=\"og:site_name\" content=\"Play4Children\" \/>\n<meta property=\"article:publisher\" content=\"https:\/\/www.facebook.com\/jogapelascriancas\" \/>\n<meta property=\"article:modified_time\" content=\"2021-09-05T10:54:21+00:00\" \/>\n<meta property=\"og:image\" content=\"https:\/\/play4children.com\/wp-content\/uploads\/2021\/06\/bilhete-solidario-frente-5-set.jpg\" \/>\n\t<meta property=\"og:image:width\" content=\"1771\" \/>\n\t<meta property=\"og:image:height\" content=\"1240\" \/>\n\t<meta property=\"og:image:type\" content=\"image\/jpeg\" \/>\n<meta name=\"twitter:card\" content=\"summary_large_image\" \/>\n<meta name=\"twitter:label1\" content=\"Est. reading time\" \/>\n\t<meta name=\"twitter:data1\" content=\"1 minute\" \/>\n<script type=\"application\/ld+json\" class=\"yoast-schema-graph\">{\"@context\":\"https:\\\/\\\/schema.org\",\"@graph\":[{\"@type\":\"WebPage\",\"@id\":\"https:\\\/\\\/play4children.com\\\/bilhete-solidario\\\/\",\"url\":\"https:\\\/\\\/play4children.com\\\/bilhete-solidario\\\/\",\"name\":\"Bilhete Solid\u00e1rio | Play4Children\",\"isPartOf\":{\"@id\":\"https:\\\/\\\/play4children.com\\\/#website\"},\"primaryImageOfPage\":{\"@id\":\"https:\\\/\\\/play4children.com\\\/bilhete-solidario\\\/#primaryimage\"},\"image\":{\"@id\":\"https:\\\/\\\/play4children.com\\\/bilhete-solidario\\\/#primaryimage\"},\"thumbnailUrl\":\"https:\\\/\\\/play4children.com\\\/wp-content\\\/uploads\\\/2021\\\/06\\\/bilhete-solidario-frente-5-set.jpg\",\"datePublished\":\"2021-06-05T13:43:32+00:00\",\"dateModified\":\"2021-09-05T10:54:21+00:00\",\"breadcrumb\":{\"@id\":\"https:\\\/\\\/play4children.com\\\/bilhete-solidario\\\/#breadcrumb\"},\"inLanguage\":\"es-ES\",\"potentialAction\":[{\"@type\":\"ReadAction\",\"target\":[\"https:\\\/\\\/play4children.com\\\/bilhete-solidario\\\/\"]}]},{\"@type\":\"ImageObject\",\"inLanguage\":\"es-ES\",\"@id\":\"https:\\\/\\\/play4children.com\\\/bilhete-solidario\\\/#primaryimage\",\"url\":\"https:\\\/\\\/play4children.com\\\/wp-content\\\/uploads\\\/2021\\\/06\\\/bilhete-solidario-frente-5-set.jpg\",\"contentUrl\":\"https:\\\/\\\/play4children.com\\\/wp-content\\\/uploads\\\/2021\\\/06\\\/bilhete-solidario-frente-5-set.jpg\",\"width\":1771,\"height\":1240},{\"@type\":\"BreadcrumbList\",\"@id\":\"https:\\\/\\\/play4children.com\\\/bilhete-solidario\\\/#breadcrumb\",\"itemListElement\":[{\"@type\":\"ListItem\",\"position\":1,\"name\":\"In\u00edcio\",\"item\":\"https:\\\/\\\/play4children.com\\\/\"},{\"@type\":\"ListItem\",\"position\":2,\"name\":\"Bilhete Solid\u00e1rio\"}]},{\"@type\":\"WebSite\",\"@id\":\"https:\\\/\\\/play4children.com\\\/#website\",\"url\":\"https:\\\/\\\/play4children.com\\\/\",\"name\":\"Joga Pelas Crian\u00e7as a favor da UNICEF\",\"description\":\"O Joga pelas crian\u00e7as ser\u00e1 o maior jogo de futebol solid\u00e1rio de Portugal.\",\"publisher\":{\"@id\":\"https:\\\/\\\/play4children.com\\\/#organization\"},\"potentialAction\":[{\"@type\":\"SearchAction\",\"target\":{\"@type\":\"EntryPoint\",\"urlTemplate\":\"https:\\\/\\\/play4children.com\\\/?s={search_term_string}\"},\"query-input\":{\"@type\":\"PropertyValueSpecification\",\"valueRequired\":true,\"valueName\":\"search_term_string\"}}],\"inLanguage\":\"es-ES\"},{\"@type\":\"Organization\",\"@id\":\"https:\\\/\\\/play4children.com\\\/#organization\",\"name\":\"Joga pelas Crian\u00e7as a favor da UNICEF\",\"url\":\"https:\\\/\\\/play4children.com\\\/\",\"logo\":{\"@type\":\"ImageObject\",\"inLanguage\":\"es-ES\",\"@id\":\"https:\\\/\\\/play4children.com\\\/#\\\/schema\\\/logo\\\/image\\\/\",\"url\":\"https:\\\/\\\/play4children.com\\\/wp-content\\\/uploads\\\/2024\\\/03\\\/logos-play4children_padel.png\",\"contentUrl\":\"https:\\\/\\\/play4children.com\\\/wp-content\\\/uploads\\\/2024\\\/03\\\/logos-play4children_padel.png\",\"width\":600,\"height\":181,\"caption\":\"Joga pelas Crian\u00e7as a favor da UNICEF\"},\"image\":{\"@id\":\"https:\\\/\\\/play4children.com\\\/#\\\/schema\\\/logo\\\/image\\\/\"},\"sameAs\":[\"https:\\\/\\\/www.facebook.com\\\/jogapelascriancas\",\"http:\\\/\\\/instagram.com\\\/jogapelascriancas\",\"https:\\\/\\\/www.youtube.com\\\/channel\\\/UCWcTdjqXxE9-SpXCOzFZzIg\"]}]}<\/script>\n<!-- \/ Yoast SEO plugin. -->","yoast_head_json":{"title":"Bilhete Solid\u00e1rio | Play4Children","robots":{"index":"index","follow":"follow","max-snippet":"max-snippet:-1","max-image-preview":"max-image-preview:large","max-video-preview":"max-video-preview:-1"},"canonical":"https:\/\/play4children.com\/es\/bilhete-solidario\/","og_locale":"es_ES","og_type":"article","og_title":"Bilhete Solid\u00e1rio | Play4Children","og_url":"https:\/\/play4children.com\/es\/bilhete-solidario\/","og_site_name":"Play4Children","article_publisher":"https:\/\/www.facebook.com\/jogapelascriancas","article_modified_time":"2021-09-05T10:54:21+00:00","og_image":[{"width":1771,"height":1240,"url":"https:\/\/play4children.com\/wp-content\/uploads\/2021\/06\/bilhete-solidario-frente-5-set.jpg","type":"image\/jpeg"}],"twitter_card":"summary_large_image","twitter_misc":{"Est. reading time":"1 minute"},"schema":{"@context":"https:\/\/schema.org","@graph":[{"@type":"WebPage","@id":"https:\/\/play4children.com\/bilhete-solidario\/","url":"https:\/\/play4children.com\/bilhete-solidario\/","name":"Bilhete Solid\u00e1rio | Play4Children","isPartOf":{"@id":"https:\/\/play4children.com\/#website"},"primaryImageOfPage":{"@id":"https:\/\/play4children.com\/bilhete-solidario\/#primaryimage"},"image":{"@id":"https:\/\/play4children.com\/bilhete-solidario\/#primaryimage"},"thumbnailUrl":"https:\/\/play4children.com\/wp-content\/uploads\/2021\/06\/bilhete-solidario-frente-5-set.jpg","datePublished":"2021-06-05T13:43:32+00:00","dateModified":"2021-09-05T10:54:21+00:00","breadcrumb":{"@id":"https:\/\/play4children.com\/bilhete-solidario\/#breadcrumb"},"inLanguage":"es-ES","potentialAction":[{"@type":"ReadAction","target":["https:\/\/play4children.com\/bilhete-solidario\/"]}]},{"@type":"ImageObject","inLanguage":"es-ES","@id":"https:\/\/play4children.com\/bilhete-solidario\/#primaryimage","url":"https:\/\/play4children.com\/wp-content\/uploads\/2021\/06\/bilhete-solidario-frente-5-set.jpg","contentUrl":"https:\/\/play4children.com\/wp-content\/uploads\/2021\/06\/bilhete-solidario-frente-5-set.jpg","width":1771,"height":1240},{"@type":"BreadcrumbList","@id":"https:\/\/play4children.com\/bilhete-solidario\/#breadcrumb","itemListElement":[{"@type":"ListItem","position":1,"name":"In\u00edcio","item":"https:\/\/play4children.com\/"},{"@type":"ListItem","position":2,"name":"Bilhete Solid\u00e1rio"}]},{"@type":"WebSite","@id":"https:\/\/play4children.com\/#website","url":"https:\/\/play4children.com\/","name":"Joga Pelas Crian\u00e7as a favor da UNICEF","description":"O Joga pelas crian\u00e7as ser\u00e1 o maior jogo de futebol solid\u00e1rio de Portugal.","publisher":{"@id":"https:\/\/play4children.com\/#organization"},"potentialAction":[{"@type":"SearchAction","target":{"@type":"EntryPoint","urlTemplate":"https:\/\/play4children.com\/?s={search_term_string}"},"query-input":{"@type":"PropertyValueSpecification","valueRequired":true,"valueName":"search_term_string"}}],"inLanguage":"es-ES"},{"@type":"Organization","@id":"https:\/\/play4children.com\/#organization","name":"Joga pelas Crian\u00e7as a favor da UNICEF","url":"https:\/\/play4children.com\/","logo":{"@type":"ImageObject","inLanguage":"es-ES","@id":"https:\/\/play4children.com\/#\/schema\/logo\/image\/","url":"https:\/\/play4children.com\/wp-content\/uploads\/2024\/03\/logos-play4children_padel.png","contentUrl":"https:\/\/play4children.com\/wp-content\/uploads\/2024\/03\/logos-play4children_padel.png","width":600,"height":181,"caption":"Joga pelas Crian\u00e7as a favor da UNICEF"},"image":{"@id":"https:\/\/play4children.com\/#\/schema\/logo\/image\/"},"sameAs":["https:\/\/www.facebook.com\/jogapelascriancas","http:\/\/instagram.com\/jogapelascriancas","https:\/\/www.youtube.com\/channel\/UCWcTdjqXxE9-SpXCOzFZzIg"]}]}},"_links":{"self":[{"href":"https:\/\/play4children.com\/es\/wp-json\/wp\/v2\/pages\/1455","targetHints":{"allow":["GET"]}}],"collection":[{"href":"https:\/\/play4children.com\/es\/wp-json\/wp\/v2\/pages"}],"about":[{"href":"https:\/\/play4children.com\/es\/wp-json\/wp\/v2\/types\/page"}],"author":[{"embeddable":true,"href":"https:\/\/play4children.com\/es\/wp-json\/wp\/v2\/users\/1"}],"replies":[{"embeddable":true,"href":"https:\/\/play4children.com\/es\/wp-json\/wp\/v2\/comments?post=1455"}],"version-history":[{"count":0,"href":"https:\/\/play4children.com\/es\/wp-json\/wp\/v2\/pages\/1455\/revisions"}],"wp:featuredmedia":[{"embeddable":true,"href":"https:\/\/play4children.com\/es\/wp-json\/wp\/v2\/media\/2133"}],"wp:attachment":[{"href":"https:\/\/play4children.com\/es\/wp-json\/wp\/v2\/media?parent=1455"}],"curies":[{"name":"wp","href":"https:\/\/api.w.org\/{rel}","templated":true}]}}